{"id":59,"date":"2015-08-23T13:25:59","date_gmt":"2015-08-23T11:25:59","guid":{"rendered":"http:\/\/dk5ras.dyndns.org\/www\/ham-tetra\/?page_id=59"},"modified":"2015-08-28T18:26:35","modified_gmt":"2015-08-28T16:26:35","slug":"tetra-und-notfunk","status":"publish","type":"page","link":"https:\/\/dk5ras.dyndns.org\/www\/ham-tetra\/tetra-und-notfunk\/","title":{"rendered":"TETRA und Notfunk?"},"content":{"rendered":"<p>Viele, die TETRA-Ger\u00e4te f\u00fcr Amateurfunk nutzen, schielen sicher auch ein wenig in Richtung BOS und Notfunk. Was TMO angeht, da sage ich mal, no way, die BDBOS ist in positivem Sinne sehr paranoid bez\u00fcglich der Sicherheit im Netz (was auch durchaus seine Berechtigung hat), ich erwarte im Leben nicht, da\u00df die einer Notfunkgruppe jemals eine SIM und damit einen auch noch so beschr\u00e4nkten Zugang zum BOS-Netz geben werden. Solche Ideen bitte also gleich mal abschminken.<\/p>\n<p>Allerdings sehe ich M\u00f6glichkeiten in DMO, die allerdings Anstrengungen aller Beteiligten bed\u00fcrfen. Es gibt n\u00e4mlich einen kleinsten, gemeinsamen Nenner aller TETRA-Funkger\u00e4te, die bei BOS und Funkamateuren im Einsatz sind. Dieser lautet 430.0000 MHz!<\/p>\n<p>Es w\u00e4re nun also durchaus praktikabel, diesen Kanal so freizur\u00e4umen, da\u00df Notfunkverkehr keinen mehr st\u00f6rt. Das w\u00fcrde bedeuten, die BNetzA mu\u00df das kl\u00e4ren, da\u00df 429.9875-430.0125 einen Sonderstatus erh\u00e4lt, mit der Erlaubnis zur Benutzung durch Funkamateure sowie BOS, zu \u00dcbungen wie auch im Not- und Katastrophenfall.<\/p>\n<p>Die n\u00e4chste H\u00fcrde w\u00e4ren die Ministerien und die BDBOS. Ein Kanal mehr in der eh umfanreichen DMO-Liste t\u00e4te keinem weh, er w\u00fcrde keinen wie auch immer gearteten Weg ins BOS_Netz er\u00f6ffnen, die BOS-Teilnehmer w\u00fcrden per Dienstanweisung zur Nutzung dieses Kanal instruiert, sprich, im Alltag ist er tabu, nur auf Anweisung zur Zusammenarbeit zu nutzen, und ausschlie\u00dflich im Rahmen \u00fcblicher Notstandsregelungen eigenverantwortlich. Die Funkamateure, nun, da w\u00e4re zu kl\u00e4ren, wie unter diesen die Regelungen zur Nutzung auss\u00e4hen, auch da lie\u00dfe sich ein Weg finden, aber die Verb\u00e4nde m\u00fc\u00dften da mittun.<\/p>\n<p>Spinnt man das Ganze weiter, dann w\u00e4ren auch zivile TETRA-Anwender zu integrieren, da viele Verkehrsbetriebe, Industrieunternehmen, Energieversorger usw. usf. auch TETRA-Ger\u00e4te nutzen und in so ein Notfunkkonzept einbeziehbar w\u00e4ren. Dazu sind Verkehr, Energie und Entsorgung durchaus je nach Art der Notlage relevante Dinge. <\/p>\n<p>Eigentlich w\u00e4re diese 430.0000 eine bei den aktuellen technischen Gegebenheiten eine hervorragend zu implementierende europaweite Notfunkfrequenz, die in nahezu allen g\u00e4ngigen Ger\u00e4ten greifbar w\u00e4re und &#8222;nur&#8220; gewisser regulatorischer Anpassungen bed\u00fcrfte.<\/p>\n<p>Wie sind eure Meinungen dabei, wie seht ihr die Chance auf Realisierung, wie k\u00f6nnte man sowas angehen?<\/p>\n","protected":false},"excerpt":{"rendered":"<p>Viele, die TETRA-Ger\u00e4te f\u00fcr Amateurfunk nutzen, schielen sicher auch ein wenig in Richtung BOS und Notfunk. Was TMO angeht, da sage ich mal, no way, die BDBOS ist in positivem Sinne sehr paranoid bez\u00fcglich der Sicherheit im Netz (was auch durchaus seine Berechtigung hat), ich erwarte im Leben nicht, da\u00df die einer Notfunkgruppe jemals eine [&hellip;]<\/p>\n","protected":false},"author":1,"featured_media":0,"parent":0,"menu_order":0,"comment_status":"open","ping_status":"open","template":"","meta":{"footnotes":""},"class_list":["post-59","page","type-page","status-publish","hentry"],"_links":{"self":[{"href":"https:\/\/dk5ras.dyndns.org\/www\/ham-tetra\/wp-json\/wp\/v2\/pages\/59","targetHints":{"allow":["GET"]}}],"collection":[{"href":"https:\/\/dk5ras.dyndns.org\/www\/ham-tetra\/wp-json\/wp\/v2\/pages"}],"about":[{"href":"https:\/\/dk5ras.dyndns.org\/www\/ham-tetra\/wp-json\/wp\/v2\/types\/page"}],"author":[{"embeddable":true,"href":"https:\/\/dk5ras.dyndns.org\/www\/ham-tetra\/wp-json\/wp\/v2\/users\/1"}],"replies":[{"embeddable":true,"href":"https:\/\/dk5ras.dyndns.org\/www\/ham-tetra\/wp-json\/wp\/v2\/comments?post=59"}],"version-history":[{"count":0,"href":"https:\/\/dk5ras.dyndns.org\/www\/ham-tetra\/wp-json\/wp\/v2\/pages\/59\/revisions"}],"wp:attachment":[{"href":"https:\/\/dk5ras.dyndns.org\/www\/ham-tetra\/wp-json\/wp\/v2\/media?parent=59"}],"curies":[{"name":"wp","href":"https:\/\/api.w.org\/{rel}","templated":true}]}}