{"id":40,"date":"2015-07-11T12:13:15","date_gmt":"2015-07-11T10:13:15","guid":{"rendered":"http:\/\/dk5ras.dyndns.org\/www\/ham-tetra\/?page_id=40"},"modified":"2023-05-29T17:41:20","modified_gmt":"2023-05-29T15:41:20","slug":"programmierung-mth800-mtp850","status":"publish","type":"page","link":"https:\/\/dk5ras.dyndns.org\/www\/ham-tetra\/programmierung-mth800-mtp850\/","title":{"rendered":"Programmierung MTH800 \/ CEP400 \/ MTP850"},"content":{"rendered":"<p>Diese Seite soll ein paar Hinweise geben, wie man das neu erworbene Funkger\u00e4tchen dazu bringt, da\u00df es auch f\u00fcr Amateurfunk nutzbar wird. An der Stelle schon mal der Hinweis, mit offiziellen Methoden ist da wenig zu machen, man mu\u00df irgendwoher Software auftreiben, bei der man sich dar\u00fcber im Klaren sein mu\u00df, da\u00df der Hersteller diese niemals nicht beim Kunden sehen wollte. Ich will und kann diese Software nicht besorgen, und alles, was ich zu deren Nutzung hier so schreibe, ist Wissen aus zweiter und dritter Hand, zusammengesucht aus diversen Quellen im Internet, und vom \u00fcber-die-Schulter-sehen bei Leuten, die damit tagt\u00e4glich hantieren. Links, die zu besagter Depot\/Lab-CPS TetraCPSPlusSetup_R060214_depot_complete f\u00fchren, schwirren im Internet umher, auch findet man da die Tricks, wie man das alles installiert. Alles auf eigenes Risiko, auch und gerade aus rechtlichem Aspaket, dazu kann man damit sein Funkger\u00e4t ziemlich gr\u00fcndlich abschie\u00dfen, aber mit etwas Expertise auch aus jedem Zustand wiederbeleben.<\/p>\n<p>Zun\u00e4chst ist nat\u00fcrlich ein Programmierkabel wichtig. Teuer, aber das non-plus-ultra ist ein RS-232-Kabel &#8211; nur damit kann man ein kaputtgeflashtes Ger\u00e4t vollst\u00e4ndig wiederbeleben, daf\u00fcr ist damit das Programmieren und flashen eher langsam. Man kann es auch an Rechnern ohne RS-232-Schnittstelle \u00fcber einen USB-Adapter betrieben, der Knackpunkt ist nur, da\u00df direkt am Funkger\u00e4t RS-232 gesprochen werden mu\u00df f\u00fcr diese Funktionen, wenn weiter hinten USB involviert ist, macht das nix aus. Mit diesem Kabel kann man ein g\u00e4nzlich plattes Ger\u00e4t wieder mit neuem Bootloader versehen und es von Grund auf neu initialisieren. Damit ist so ein Kabel f\u00fcr den mutigen Bastler eine ideale Vollkaskoversicherung. Der Typ des Kabel ist FLN9636.<\/p>\n<p>Das normale Alltags-Programmierkabel f\u00fcr den direkten USB-Anschlu\u00df ist oft \u00fcber ebay spottbillig zu bekommen, da im ersten Jahrzehnt des Jahrtausends dieses Kabel auch f\u00fcr Mobiltelephone als Datenkabel verwendet wurde. Die Typenbezeichnung dieser Strippe lautet SKN6311. Meines hat nur wenige EUR gekostet, daher habe ich gleich zweie genommen :-)<\/p>\n<p>Wenn man nun die Software am Laufen hat und auch das Ger\u00e4t erkannt wird, dann gibt es zwei Schritte, die unbedingt durchzuf\u00fchren sind &#8211; zuerst mal das Ger\u00e4t auslesen und den Datensatz abspeichern. Dann ein upg\/downgrade durchf\u00fchren auf MR5.14.9a, das ist ganz wichtig, damit alle features funktionieren, die codeplugs untereinander kompatibel sind, und die Programmiersoftware funktioniert auch damit wohl einfach am besten. Die umhervagabundierende CPS bringt die passenden Firmwaredateien mit.<\/p>\n<p>Bei diesem Update passiert mal l\u00e4ngere Zeit nix am Fortschrittsbalken, keine Panik, irgendwann gehts dann weiter. Generell ist f\u00fcrs Funkger\u00e4teprogrammieren zu empfehlen, eine halbwegs saubere Windows-Installation vorzuhalten, ohne Firewallged\u00f6ns oder Pseudo-Schutz durch irgendwelche externe Virenschutzsoftware, der Windows Defender reicht. M\u00f6glichst gerade beim Schreiben des Ger\u00e4tes nicht am Rechner arbeiten, keine andere Software offenhaben, das Funkger\u00e4t nicht anfassen, direkt daneben kein Handy liegen haben (wegen Einstrahlung auf den Bus), und auch nicht mit einer anderen Handfunke im Nahfeld herumfunken. Ebenso nicht das zu programmierende Ger\u00e4t in der Hand halten oder daran rumfingern, einfach ruhig liegenlassen, do not touch :) Darauf achten, da\u00df laptops nicht w\u00e4hrend der Operation in Ruhezustand gehen oder der Akku schlappmacht. Achtung, da\u00df nicht jemand auf den Ausschalter der Steckdosenleiste latscht, an der der Rechner h\u00e4ngt. Klingt alles albern, aber ich habe mir in den letzten anderthalb Jahrzehnten genug Funkger\u00e4te durch Nichtbeachten dieser Tips gehimmelt.<\/p>\n<p>&#8230;gerade in Arbeit, daher unvollst\u00e4ndig&#8230;<\/p>\n","protected":false},"excerpt":{"rendered":"<p>Diese Seite soll ein paar Hinweise geben, wie man das neu erworbene Funkger\u00e4tchen dazu bringt, da\u00df es auch f\u00fcr Amateurfunk nutzbar wird. An der Stelle schon mal der Hinweis, mit offiziellen Methoden ist da wenig zu machen, man mu\u00df irgendwoher Software auftreiben, bei der man sich dar\u00fcber im Klaren sein mu\u00df, da\u00df der Hersteller diese [&hellip;]<\/p>\n","protected":false},"author":1,"featured_media":0,"parent":0,"menu_order":0,"comment_status":"open","ping_status":"open","template":"","meta":{"footnotes":""},"class_list":["post-40","page","type-page","status-publish","hentry"],"_links":{"self":[{"href":"https:\/\/dk5ras.dyndns.org\/www\/ham-tetra\/wp-json\/wp\/v2\/pages\/40","targetHints":{"allow":["GET"]}}],"collection":[{"href":"https:\/\/dk5ras.dyndns.org\/www\/ham-tetra\/wp-json\/wp\/v2\/pages"}],"about":[{"href":"https:\/\/dk5ras.dyndns.org\/www\/ham-tetra\/wp-json\/wp\/v2\/types\/page"}],"author":[{"embeddable":true,"href":"https:\/\/dk5ras.dyndns.org\/www\/ham-tetra\/wp-json\/wp\/v2\/users\/1"}],"replies":[{"embeddable":true,"href":"https:\/\/dk5ras.dyndns.org\/www\/ham-tetra\/wp-json\/wp\/v2\/comments?post=40"}],"version-history":[{"count":1,"href":"https:\/\/dk5ras.dyndns.org\/www\/ham-tetra\/wp-json\/wp\/v2\/pages\/40\/revisions"}],"predecessor-version":[{"id":178,"href":"https:\/\/dk5ras.dyndns.org\/www\/ham-tetra\/wp-json\/wp\/v2\/pages\/40\/revisions\/178"}],"wp:attachment":[{"href":"https:\/\/dk5ras.dyndns.org\/www\/ham-tetra\/wp-json\/wp\/v2\/media?parent=40"}],"curies":[{"name":"wp","href":"https:\/\/api.w.org\/{rel}","templated":true}]}}