{"id":107,"date":"2019-01-05T14:13:22","date_gmt":"2019-01-05T13:13:22","guid":{"rendered":"http:\/\/dk5ras.dyndns.org\/www\/ham-tetra\/?page_id=107"},"modified":"2023-05-29T17:41:35","modified_gmt":"2023-05-29T15:41:35","slug":"tmo-programmierung","status":"publish","type":"page","link":"https:\/\/dk5ras.dyndns.org\/www\/ham-tetra\/tmo-programmierung\/","title":{"rendered":"TMO-Programmierung"},"content":{"rendered":"\n<p>Hier m\u00f6chte ich einige Hinweise geben, wie man ein Motorola-TETRA-Handfunkger\u00e4t auf dem TMO-Repeater DB0MOT (Feldberg \/ Taunus) nutzen kann. <\/p>\n\n\n\n<p>Hier nochmals die relevanten Netzdaten;<\/p>\n\n\n\n<p> 438.275 MHz -7.6MHz Ablage<br>MCC 901 , MNC 9999<br>GSSI 1 (Anruf), 2 , 3 oder 4 <\/p>\n\n\n\n<p>Folgend mag ich nun zun\u00e4chst die ger\u00e4tespezifischen Schritte f\u00fcr die MTP6000-Familie und danach f\u00fcr die MTP800-Familie ausf\u00fchren, um zum Schlu\u00df die allen Ger\u00e4ten gemeinsamen Schritte darzustellen. Artverwandte Ger\u00e4te und auch Mobilger\u00e4te sollten sich ganz \u00e4hnlich behandeln lassen, ich kann zu diesen nur keine konkreten Hinweise geben, da ich keine solchen Modelle besitze. Wer sich ein wenig in das Konzept hineindenkt, sollte aber mit Ideen aus dieser Anleitung schon zum Ziel kommen.<\/p>\n\n\n\n<p>Ganz allgemein ist es ratsam, die Originaldaten der Ger\u00e4te sicher abzuspeichern. Sind besondere Prozeduren beim Schreiben der Ger\u00e4te n\u00f6tig, erw\u00e4hne ich diese im Text, ansonsten bitte selbst mitdenken und nat\u00fcrlich auch die Daten an geeigneter Stelle aus dem Ger\u00e4t auslesen, abspeichern und ins Ger\u00e4t schreiben.<\/p>\n\n\n\n<p>Ich gehe davon aus, da\u00df jeder, der nun an der Stelle mutig weitermacht, mit der Bedienung der CPS vertraut ist, und auch generell bereits in der Lage ist, ein TETRA-Ger\u00e4t halbwegs sinnvoll zu konfigurieren. Ebenfalls setze ich voraus, da\u00df das Ger\u00e4t grundlegend so konfiguriert ist, da\u00df man damit auch TMO nutzen kann. Die CPS ist sehr umfangreich und tiefgehend, man kann da irre viel falsch machen und verstellen. Da findet man auch oft nur schwer wieder zur\u00fcck zu einem funktionierenden Zustand, deswegen sollte jeder funktionierende Stand zwischengespeichert werden.<\/p>\n\n\n\n<p>In allen screenshots soll der Augenmerk auf die wesentlichen Bereiche durch die blau oder hellblau hinterlegten Felder gelenkt werden.<\/p>\n\n\n\n<p><strong>MTP6000-Reihe<\/strong><\/p>\n\n\n\n<p>Um nun mit einem der aktuellen Ger\u00e4te wie z.B. MTP6650 dieses Relais zu nutzen ist nur die Standard-Programmiersoftware n\u00f6tig. Hier also nun screenshots der Schritte, die nur bei dieser Ger\u00e4tegeneration n\u00f6tig sind. Zun\u00e4chst ist die Relaisablage den im kommerziellen Bereich untypischen 7.6 MHz anzupassen. DB0MOT strahlt in der Kennung die Information aus, da\u00df es den Eintrag 7 nutzt, also haben wir nur diesen Eintrag auf 7.6 MHz zu setzen. <\/p>\n\n\n\n<figure class=\"wp-block-image\"><a href=\"https:\/\/dk5ras.dyndns.org\/www\/ham-tetra\/wp-content\/uploads\/MTP6650_shift.png\" target=\"_blank\" rel=\"noreferrer noopener\"><img loading=\"lazy\" decoding=\"async\" width=\"1024\" height=\"746\" src=\"https:\/\/dk5ras.dyndns.org\/www\/ham-tetra\/wp-content\/uploads\/MTP6650_shift-1024x746.png\" alt=\"\" class=\"wp-image-94\" srcset=\"https:\/\/dk5ras.dyndns.org\/www\/ham-tetra\/wp-content\/uploads\/MTP6650_shift-1024x746.png 1024w, https:\/\/dk5ras.dyndns.org\/www\/ham-tetra\/wp-content\/uploads\/MTP6650_shift-300x218.png 300w, https:\/\/dk5ras.dyndns.org\/www\/ham-tetra\/wp-content\/uploads\/MTP6650_shift-768x559.png 768w, https:\/\/dk5ras.dyndns.org\/www\/ham-tetra\/wp-content\/uploads\/MTP6650_shift.png 1427w\" sizes=\"auto, (max-width: 980px) 100vw, 980px\" \/><\/a><figcaption class=\"wp-element-caption\">Relaisablage beim MTP6650 eintragen<br><\/figcaption><\/figure>\n\n\n\n<p>Ebenfalls ein wenig anders als bei den Vorg\u00e4ngermodellen sieht die Eingabe der Netzdaten aus, daher hier ein screenshot mit dem betreffenden Men\u00fc:<\/p>\n\n\n\n<figure class=\"wp-block-image\"><a href=\"https:\/\/dk5ras.dyndns.org\/www\/ham-tetra\/wp-content\/uploads\/MT6650_net.png\" target=\"_blank\" rel=\"noreferrer noopener\"><img loading=\"lazy\" decoding=\"async\" width=\"1024\" height=\"746\" src=\"https:\/\/dk5ras.dyndns.org\/www\/ham-tetra\/wp-content\/uploads\/MT6650_net-1024x746.png\" alt=\"\" class=\"wp-image-95\" srcset=\"https:\/\/dk5ras.dyndns.org\/www\/ham-tetra\/wp-content\/uploads\/MT6650_net-1024x746.png 1024w, https:\/\/dk5ras.dyndns.org\/www\/ham-tetra\/wp-content\/uploads\/MT6650_net-300x218.png 300w, https:\/\/dk5ras.dyndns.org\/www\/ham-tetra\/wp-content\/uploads\/MT6650_net-768x559.png 768w, https:\/\/dk5ras.dyndns.org\/www\/ham-tetra\/wp-content\/uploads\/MT6650_net.png 1427w\" sizes=\"auto, (max-width: 980px) 100vw, 980px\" \/><\/a><figcaption class=\"wp-element-caption\">Netzdaten beim MTP6650 eintragen<\/figcaption><\/figure>\n\n\n\n<p>Einige Ger\u00e4te der MTP3000-Familie sind im Frequenzbereich nicht urspr\u00fcnglich f\u00fcr Amateurfunk geeignet, lassen sich unter Umst\u00e4nden aber mit einem \u00e4hnlichen Vorgehen wie f\u00fcr die MTP800-Familie erweitern, die einzelnen Schritte der MTP800-Anleitung sollten sich ganz \u00e4hnlich anwenden lassen.<\/p>\n\n\n\n<p><strong>MTP800-Reihe<\/strong><\/p>\n\n\n\n<p>Bei den MTP850 und bau\u00e4hnlichen Modellen sind die Dinge nicht ganz so einfach, man bekommt so ein Ger\u00e4t nur mit einer sogenannten Depot-CPS angepa\u00dft. Diese ist offiziell nicht erh\u00e4ltlich, vagabundiert aber im Internet umher. Deren Verwendung ist auf eigenes Risiko, rechtlich gesehen nebul\u00f6ses Terrain, und unbedingt auf Amateurfunkger\u00e4te zu beschr\u00e4nken. Diese Software hat nix, aber auch gar nix an kommerziell oder beh\u00f6rdlich genutzten Endger\u00e4ten verloren, da damit die f\u00fcr diese Anwendungen zulassungsrelevanten Parameter ver\u00e4ndert werden k\u00f6nnen und folglich deren Zulassung ggf. erlischt. <\/p>\n\n\n\n<p>Los geht es mit der Eintragung der Frequenzablage. Nach Auslesen des Ger\u00e4tes mit der Depot-Software ist nun auf den LAB-Modus zu stellen, und da wir Menschen im Umgang mit Zahlen i.d.R. dezimal denken, auf den Dezimalmodus. Dazu zun\u00e4chst das gro\u00dfe blaue L (wie LAB) am linken oberen Rand dr\u00fccken, und danach das gro\u00dfe blaue D (wie Dezimal), ein wenig darunter. Die Navigation zu den einzelnen Funktionen erfolgt durch den etwas kryptischen Baum links, wir bewegen uns aber immer im Ast cp_net_block.<\/p>\n\n\n\n<p>Hier nun also cp_net_block \u00f6ffnen, net_data markieren, und im rechten Feld oben bei duplex_scpace_table &#8222;Expand&#8220; klicken. Die Ansicht sollte sich dann so \u00f6ffnen wie folgend dargestellt. Der Eintrag 10 bezieht sich auf Feld 7 (blau markiert), dort steht urspr\u00fcnglich 10000000, dies wird ge\u00e4ndert in 7600000, was 7.6 MHz in Hz sind.<\/p>\n\n\n\n<figure class=\"wp-block-image\"><a href=\"https:\/\/dk5ras.dyndns.org\/www\/ham-tetra\/wp-content\/uploads\/MTP850_shift.png\" target=\"_blank\" rel=\"noreferrer noopener\"><img loading=\"lazy\" decoding=\"async\" width=\"1024\" height=\"746\" src=\"https:\/\/dk5ras.dyndns.org\/www\/ham-tetra\/wp-content\/uploads\/MTP850_shift-1024x746.png\" alt=\"\" class=\"wp-image-96\" srcset=\"https:\/\/dk5ras.dyndns.org\/www\/ham-tetra\/wp-content\/uploads\/MTP850_shift-1024x746.png 1024w, https:\/\/dk5ras.dyndns.org\/www\/ham-tetra\/wp-content\/uploads\/MTP850_shift-300x218.png 300w, https:\/\/dk5ras.dyndns.org\/www\/ham-tetra\/wp-content\/uploads\/MTP850_shift-768x559.png 768w, https:\/\/dk5ras.dyndns.org\/www\/ham-tetra\/wp-content\/uploads\/MTP850_shift.png 1427w\" sizes=\"auto, (max-width: 980px) 100vw, 980px\" \/><\/a><\/figure>\n\n\n\n<p>Nun mu\u00df der Frequenzbereich erweitert werden. Die Ger\u00e4te arbeiten bis knapp 450 MHz, also habe ich dies als H\u00f6chstwert gew\u00e4hlt, da es L\u00e4nder in der Welt gibt, in denen der Amateurfunk bis 450 MHz zugeteilt ist. Wem dies nicht gef\u00e4llt (reale Gr\u00fcnde dagegen gibt es keine), der kann auch gerne die hierzulande \u00fcblichen 440 MHz eintragen. Auch wieder in Hz, wie schon oben bei der Ablage. Ich habe folgend gleich die Positionen f\u00fcr TMO und f\u00fcr DMO gezeigt. Wenn man eh schon mal dabei ist, macht man doch gleich alles auf einen Rutsch :)<\/p>\n\n\n\n<figure class=\"wp-block-image\"><a href=\"https:\/\/dk5ras.dyndns.org\/www\/ham-tetra\/wp-content\/uploads\/MTP850_TMO-range.png\" target=\"_blank\" rel=\"noreferrer noopener\"><img loading=\"lazy\" decoding=\"async\" width=\"1024\" height=\"746\" src=\"https:\/\/dk5ras.dyndns.org\/www\/ham-tetra\/wp-content\/uploads\/MTP850_TMO-range-1024x746.png\" alt=\"\" class=\"wp-image-97\" srcset=\"https:\/\/dk5ras.dyndns.org\/www\/ham-tetra\/wp-content\/uploads\/MTP850_TMO-range-1024x746.png 1024w, https:\/\/dk5ras.dyndns.org\/www\/ham-tetra\/wp-content\/uploads\/MTP850_TMO-range-300x218.png 300w, https:\/\/dk5ras.dyndns.org\/www\/ham-tetra\/wp-content\/uploads\/MTP850_TMO-range-768x559.png 768w, https:\/\/dk5ras.dyndns.org\/www\/ham-tetra\/wp-content\/uploads\/MTP850_TMO-range.png 1427w\" sizes=\"auto, (max-width: 980px) 100vw, 980px\" \/><\/a><figcaption class=\"wp-element-caption\">Banderweiterung TMO beim MTP850<\/figcaption><\/figure>\n\n\n\n<figure class=\"wp-block-image size-large\"><img loading=\"lazy\" decoding=\"async\" width=\"1024\" height=\"754\" src=\"https:\/\/dk5ras.dyndns.org\/www\/ham-tetra\/wp-content\/uploads\/MTP850_freq_range-1024x754.png\" alt=\"\" class=\"wp-image-165\" srcset=\"https:\/\/dk5ras.dyndns.org\/www\/ham-tetra\/wp-content\/uploads\/MTP850_freq_range-1024x754.png 1024w, https:\/\/dk5ras.dyndns.org\/www\/ham-tetra\/wp-content\/uploads\/MTP850_freq_range-300x221.png 300w, https:\/\/dk5ras.dyndns.org\/www\/ham-tetra\/wp-content\/uploads\/MTP850_freq_range-768x566.png 768w, https:\/\/dk5ras.dyndns.org\/www\/ham-tetra\/wp-content\/uploads\/MTP850_freq_range-210x155.png 210w, https:\/\/dk5ras.dyndns.org\/www\/ham-tetra\/wp-content\/uploads\/MTP850_freq_range.png 1427w\" sizes=\"auto, (max-width: 980px) 100vw, 980px\" \/><figcaption class=\"wp-element-caption\">Banderweiterung beim MTP850<\/figcaption><\/figure>\n\n\n\n<figure class=\"wp-block-image\"><a href=\"https:\/\/dk5ras.dyndns.org\/www\/ham-tetra\/wp-content\/uploads\/MTP850_DMO-range.png\" target=\"_blank\" rel=\"noreferrer noopener\"><img loading=\"lazy\" decoding=\"async\" width=\"1024\" height=\"746\" src=\"https:\/\/dk5ras.dyndns.org\/www\/ham-tetra\/wp-content\/uploads\/MTP850_DMO-range-1024x746.png\" alt=\"\" class=\"wp-image-98\" srcset=\"https:\/\/dk5ras.dyndns.org\/www\/ham-tetra\/wp-content\/uploads\/MTP850_DMO-range-1024x746.png 1024w, https:\/\/dk5ras.dyndns.org\/www\/ham-tetra\/wp-content\/uploads\/MTP850_DMO-range-300x218.png 300w, https:\/\/dk5ras.dyndns.org\/www\/ham-tetra\/wp-content\/uploads\/MTP850_DMO-range-768x559.png 768w, https:\/\/dk5ras.dyndns.org\/www\/ham-tetra\/wp-content\/uploads\/MTP850_DMO-range.png 1427w\" sizes=\"auto, (max-width: 980px) 100vw, 980px\" \/><\/a><figcaption class=\"wp-element-caption\">Banderweiterung DMO beim MTP850<\/figcaption><\/figure>\n\n\n\n<p>Nach diesen Anpassungen ist das Ger\u00e4t per &#8222;Write Entire Codeplug&#8220; zu schreiben. Da dieser Schritt auch die Seriennummer und die Abgleichdaten beinhaltet, mu\u00df leider f\u00fcr die Anpassung mehrerer auch baugleicher Ger\u00e4te diese Prozedur f\u00fcr jedes Ger\u00e4t einzeln durchgef\u00fchrt werden, also das betreffende Ger\u00e4t auslesen, die obigen drei Anpassungen durchf\u00fchren, und das Ger\u00e4t wieder per &#8222;Write Entire Codeplug&#8220; programmieren. Die sp\u00e4teren Schritte, die im regul\u00e4ren CPS-Modus durchgef\u00fchrt werden, k\u00f6nnen dann ggf. wieder per &#8222;Codeplug Copy Wizard&#8220; auf verschiedene Ger\u00e4te repliziert werden.<\/p>\n\n\n\n<p>Nun noch die Netzdaten. Dazu wieder auf das gro\u00dfe L dr\u00fccken, um den LAB-Modus zu verlassen, und eintragen analog diesem Beispiel. Der Namen HAM-TETRA kann nat\u00fcrlich angepa\u00dft werden, wie es einem gef\u00e4llt.<\/p>\n\n\n\n<figure class=\"wp-block-image\"><a href=\"https:\/\/dk5ras.dyndns.org\/www\/ham-tetra\/wp-content\/uploads\/MTP850_net.png\" target=\"_blank\" rel=\"noreferrer noopener\"><img loading=\"lazy\" decoding=\"async\" width=\"1024\" height=\"746\" src=\"https:\/\/dk5ras.dyndns.org\/www\/ham-tetra\/wp-content\/uploads\/MTP850_net-1024x746.png\" alt=\"\" class=\"wp-image-99\" srcset=\"https:\/\/dk5ras.dyndns.org\/www\/ham-tetra\/wp-content\/uploads\/MTP850_net-1024x746.png 1024w, https:\/\/dk5ras.dyndns.org\/www\/ham-tetra\/wp-content\/uploads\/MTP850_net-300x218.png 300w, https:\/\/dk5ras.dyndns.org\/www\/ham-tetra\/wp-content\/uploads\/MTP850_net-768x559.png 768w, https:\/\/dk5ras.dyndns.org\/www\/ham-tetra\/wp-content\/uploads\/MTP850_net.png 1427w\" sizes=\"auto, (max-width: 980px) 100vw, 980px\" \/><\/a><figcaption class=\"wp-element-caption\">Netzdefinition beim MTP850<\/figcaption><\/figure>\n\n\n\n<p><strong>F\u00fcr beide Ger\u00e4tefamilien<\/strong><\/p>\n\n\n\n<p>In der Frequency List 2 ist den Ger\u00e4ten die Frequenz beizubringen. Da es derzeit in Deutschland nur einen TETRA-TMO-Repeater gibt, ist dies eben die 438.275. F\u00fcr weitere TETRA-Funkzellen k\u00f6nnte man einfach deren Frequenzen ebenfalls in der Liste einf\u00fcgen, das Ger\u00e4t klappert diese nach dem Einschalten ab und versucht sich einzuloggen. Mit den Frequency Lists 3 und 4 k\u00f6nnte man auch ganze Bandbereiche absuchen lassen, dies dauert aber l\u00e4nger und ergibt f\u00fcr den Amateurfunk momentan keinen Sinn.<\/p>\n\n\n\n<figure class=\"wp-block-image\"><a href=\"https:\/\/dk5ras.dyndns.org\/www\/ham-tetra\/wp-content\/uploads\/MTP_DB0MOT-QRG.png\" target=\"_blank\" rel=\"noreferrer noopener\"><img loading=\"lazy\" decoding=\"async\" width=\"1024\" height=\"746\" src=\"https:\/\/dk5ras.dyndns.org\/www\/ham-tetra\/wp-content\/uploads\/MTP_DB0MOT-QRG-1024x746.png\" alt=\"\" class=\"wp-image-100\" srcset=\"https:\/\/dk5ras.dyndns.org\/www\/ham-tetra\/wp-content\/uploads\/MTP_DB0MOT-QRG-1024x746.png 1024w, https:\/\/dk5ras.dyndns.org\/www\/ham-tetra\/wp-content\/uploads\/MTP_DB0MOT-QRG-300x218.png 300w, https:\/\/dk5ras.dyndns.org\/www\/ham-tetra\/wp-content\/uploads\/MTP_DB0MOT-QRG-768x559.png 768w, https:\/\/dk5ras.dyndns.org\/www\/ham-tetra\/wp-content\/uploads\/MTP_DB0MOT-QRG.png 1427w\" sizes=\"auto, (max-width: 980px) 100vw, 980px\" \/><\/a><figcaption class=\"wp-element-caption\">Frequenzeingabe DB0MOT<\/figcaption><\/figure>\n\n\n\n<p>Zum Abschlu\u00df noch ein paar Hinweise, wie man sich die TGs einrichtet. Auch hier kann der Namen HAM-TETRA den eigenen Vorlieben angepa\u00dft werden, Namen sind nur Schall und Rauch :)<\/p>\n\n\n\n<p>Zun\u00e4chst wird ein sog. Folder angelegt, in den die TGs kommen:<\/p>\n\n\n\n<figure class=\"wp-block-image\"><a href=\"https:\/\/dk5ras.dyndns.org\/www\/ham-tetra\/wp-content\/uploads\/MTP_Folder.png\" target=\"_blank\" rel=\"noreferrer noopener\"><img loading=\"lazy\" decoding=\"async\" width=\"1024\" height=\"746\" src=\"https:\/\/dk5ras.dyndns.org\/www\/ham-tetra\/wp-content\/uploads\/MTP_Folder-1024x746.png\" alt=\"\" class=\"wp-image-101\" srcset=\"https:\/\/dk5ras.dyndns.org\/www\/ham-tetra\/wp-content\/uploads\/MTP_Folder-1024x746.png 1024w, https:\/\/dk5ras.dyndns.org\/www\/ham-tetra\/wp-content\/uploads\/MTP_Folder-300x218.png 300w, https:\/\/dk5ras.dyndns.org\/www\/ham-tetra\/wp-content\/uploads\/MTP_Folder-768x559.png 768w, https:\/\/dk5ras.dyndns.org\/www\/ham-tetra\/wp-content\/uploads\/MTP_Folder.png 1427w\" sizes=\"auto, (max-width: 980px) 100vw, 980px\" \/><\/a><figcaption class=\"wp-element-caption\">Ordnererstellung f\u00fcr die TGs<\/figcaption><\/figure>\n\n\n\n<p>Danach werden die eigentlichen TGs eingetragen und dem Folder zugewiesen. Als Namen habe ich die TG-Nummern verwendet, nat\u00fcrlich sind auch ausf\u00fchrlichere Benennungen m\u00f6glich.<\/p>\n\n\n\n<figure class=\"wp-block-image\"><a href=\"https:\/\/dk5ras.dyndns.org\/www\/ham-tetra\/wp-content\/uploads\/MTP_TG.png\" target=\"_blank\" rel=\"noreferrer noopener\"><img loading=\"lazy\" decoding=\"async\" width=\"1024\" height=\"746\" src=\"https:\/\/dk5ras.dyndns.org\/www\/ham-tetra\/wp-content\/uploads\/MTP_TG-1024x746.png\" alt=\"\" class=\"wp-image-102\" srcset=\"https:\/\/dk5ras.dyndns.org\/www\/ham-tetra\/wp-content\/uploads\/MTP_TG-1024x746.png 1024w, https:\/\/dk5ras.dyndns.org\/www\/ham-tetra\/wp-content\/uploads\/MTP_TG-300x218.png 300w, https:\/\/dk5ras.dyndns.org\/www\/ham-tetra\/wp-content\/uploads\/MTP_TG-768x559.png 768w, https:\/\/dk5ras.dyndns.org\/www\/ham-tetra\/wp-content\/uploads\/MTP_TG.png 1427w\" sizes=\"auto, (max-width: 980px) 100vw, 980px\" \/><\/a><figcaption class=\"wp-element-caption\">Eintragen der TGs<\/figcaption><\/figure>\n\n\n\n<p>Auch eine Scanliste ist hilfreich, um die TGs alle monitoren zu k\u00f6nnen. Zuerst bekommt sie einen Namen:<\/p>\n\n\n\n<figure class=\"wp-block-image\"><a href=\"https:\/\/dk5ras.dyndns.org\/www\/ham-tetra\/wp-content\/uploads\/MTP_Scan_A.png\" target=\"_blank\" rel=\"noreferrer noopener\"><img loading=\"lazy\" decoding=\"async\" width=\"1024\" height=\"746\" src=\"https:\/\/dk5ras.dyndns.org\/www\/ham-tetra\/wp-content\/uploads\/MTP_Scan_A-1024x746.png\" alt=\"\" class=\"wp-image-103\" srcset=\"https:\/\/dk5ras.dyndns.org\/www\/ham-tetra\/wp-content\/uploads\/MTP_Scan_A-1024x746.png 1024w, https:\/\/dk5ras.dyndns.org\/www\/ham-tetra\/wp-content\/uploads\/MTP_Scan_A-300x218.png 300w, https:\/\/dk5ras.dyndns.org\/www\/ham-tetra\/wp-content\/uploads\/MTP_Scan_A-768x559.png 768w, https:\/\/dk5ras.dyndns.org\/www\/ham-tetra\/wp-content\/uploads\/MTP_Scan_A.png 1427w\" sizes=\"auto, (max-width: 980px) 100vw, 980px\" \/><\/a><figcaption class=\"wp-element-caption\">Scanliste benennen<\/figcaption><\/figure>\n\n\n\n<p>Und so wird sie bef\u00fcllt mit den zu scannenden TGs:<\/p>\n\n\n\n<figure class=\"wp-block-image\"><a href=\"https:\/\/dk5ras.dyndns.org\/www\/ham-tetra\/wp-content\/uploads\/MTP_Scan_C.png\" target=\"_blank\" rel=\"noreferrer noopener\"><img loading=\"lazy\" decoding=\"async\" width=\"1024\" height=\"746\" src=\"https:\/\/dk5ras.dyndns.org\/www\/ham-tetra\/wp-content\/uploads\/MTP_Scan_C-1024x746.png\" alt=\"\" class=\"wp-image-93\" srcset=\"https:\/\/dk5ras.dyndns.org\/www\/ham-tetra\/wp-content\/uploads\/MTP_Scan_C-1024x746.png 1024w, https:\/\/dk5ras.dyndns.org\/www\/ham-tetra\/wp-content\/uploads\/MTP_Scan_C-300x218.png 300w, https:\/\/dk5ras.dyndns.org\/www\/ham-tetra\/wp-content\/uploads\/MTP_Scan_C-768x559.png 768w, https:\/\/dk5ras.dyndns.org\/www\/ham-tetra\/wp-content\/uploads\/MTP_Scan_C.png 1427w\" sizes=\"auto, (max-width: 980px) 100vw, 980px\" \/><\/a><figcaption class=\"wp-element-caption\">Scanliste bef\u00fcllen<\/figcaption><\/figure>\n\n\n\n<p>Jetzt nat\u00fcrlich das Ger\u00e4t programmieren, und auch den Codeplug abspeichern! Wenn nun all das erledigt ist sollte einem ersten Einbuchversuch nichts im Wege stehen. Nach dem Einschalten und ggf. Umschalten in den TMO-Modus sollte das Ger\u00e4t schnell die Funkzelle finden, sofern man in Reichweite ist. Die rote LED beginnt rot zu leuchten, solange das Ger\u00e4t sucht. Findet es die Zelle, blinkt sie schnell rot, und loggt es erfolgreich ein, blinkt sie langsam gr\u00fcn. Ab da kann dann auch schon gefunkt werden.<\/p>\n\n\n\n<figure class=\"wp-block-image\"><img loading=\"lazy\" decoding=\"async\" width=\"732\" height=\"1024\" src=\"https:\/\/dk5ras.dyndns.org\/www\/ham-tetra\/wp-content\/uploads\/TMO-732x1024.jpg\" alt=\"\" class=\"wp-image-128\" srcset=\"https:\/\/dk5ras.dyndns.org\/www\/ham-tetra\/wp-content\/uploads\/TMO-732x1024.jpg 732w, https:\/\/dk5ras.dyndns.org\/www\/ham-tetra\/wp-content\/uploads\/TMO-214x300.jpg 214w, https:\/\/dk5ras.dyndns.org\/www\/ham-tetra\/wp-content\/uploads\/TMO-768x1075.jpg 768w, https:\/\/dk5ras.dyndns.org\/www\/ham-tetra\/wp-content\/uploads\/TMO.jpg 1795w\" sizes=\"auto, (max-width: 732px) 100vw, 732px\" \/><figcaption class=\"wp-element-caption\">Ger\u00e4t ist eingebucht, Suchlauf ist aktiv<\/figcaption><\/figure>\n\n\n\n<p>Wer nun den Standort Feldberg mit seinen weitreichenden FM-und DMR-Relais kennt, der wird feststellen, da\u00df die Reichweite von TETRA drastisch geringer ist und oftmals kleinste Abschattungen wie z.B. in der Frankfurter Innenstadt schon f\u00fcr Abbr\u00fcche sorgen. Man darf also nicht ansatzweise eine Versorgung wie z.B. bei DMR erwarten, das leistet TETRA aus technischen Gr\u00fcnden nicht. Zehn bis f\u00fcnfzehn dB schlechterer Empfindlichkeit gegen\u00fcber anderen Technologien m\u00fcssen einfach erst mal ausgeglichen werden. Hat man nat\u00fcrlich Sicht auf den Feldberg, so funktioniert die Verbindung bestens, im Freifeld ist die D\u00e4mpfung hinreichend gering.<\/p>\n\n\n\n<figure class=\"wp-block-image\"><img loading=\"lazy\" decoding=\"async\" width=\"736\" height=\"1024\" src=\"https:\/\/dk5ras.dyndns.org\/www\/ham-tetra\/wp-content\/uploads\/TMO_netmon-736x1024.jpg\" alt=\"\" class=\"wp-image-127\" srcset=\"https:\/\/dk5ras.dyndns.org\/www\/ham-tetra\/wp-content\/uploads\/TMO_netmon-736x1024.jpg 736w, https:\/\/dk5ras.dyndns.org\/www\/ham-tetra\/wp-content\/uploads\/TMO_netmon-216x300.jpg 216w, https:\/\/dk5ras.dyndns.org\/www\/ham-tetra\/wp-content\/uploads\/TMO_netmon-768x1068.jpg 768w, https:\/\/dk5ras.dyndns.org\/www\/ham-tetra\/wp-content\/uploads\/TMO_netmon.jpg 1888w\" sizes=\"auto, (max-width: 736px) 100vw, 736px\" \/><figcaption class=\"wp-element-caption\">Ger\u00e4t mit RSSI-Anzeige<\/figcaption><\/figure>\n","protected":false},"excerpt":{"rendered":"<p>Hier m\u00f6chte ich einige Hinweise geben, wie man ein Motorola-TETRA-Handfunkger\u00e4t auf dem TMO-Repeater DB0MOT (Feldberg \/ Taunus) nutzen kann. Hier nochmals die relevanten Netzdaten; 438.275 MHz -7.6MHz AblageMCC 901 , MNC 9999GSSI 1 (Anruf), 2 , 3 oder 4 Folgend mag ich nun zun\u00e4chst die ger\u00e4tespezifischen Schritte f\u00fcr die MTP6000-Familie und danach f\u00fcr die MTP800-Familie [&hellip;]<\/p>\n","protected":false},"author":1,"featured_media":0,"parent":0,"menu_order":22,"comment_status":"closed","ping_status":"closed","template":"","meta":{"footnotes":""},"class_list":["post-107","page","type-page","status-publish","hentry"],"_links":{"self":[{"href":"https:\/\/dk5ras.dyndns.org\/www\/ham-tetra\/wp-json\/wp\/v2\/pages\/107","targetHints":{"allow":["GET"]}}],"collection":[{"href":"https:\/\/dk5ras.dyndns.org\/www\/ham-tetra\/wp-json\/wp\/v2\/pages"}],"about":[{"href":"https:\/\/dk5ras.dyndns.org\/www\/ham-tetra\/wp-json\/wp\/v2\/types\/page"}],"author":[{"embeddable":true,"href":"https:\/\/dk5ras.dyndns.org\/www\/ham-tetra\/wp-json\/wp\/v2\/users\/1"}],"replies":[{"embeddable":true,"href":"https:\/\/dk5ras.dyndns.org\/www\/ham-tetra\/wp-json\/wp\/v2\/comments?post=107"}],"version-history":[{"count":3,"href":"https:\/\/dk5ras.dyndns.org\/www\/ham-tetra\/wp-json\/wp\/v2\/pages\/107\/revisions"}],"predecessor-version":[{"id":182,"href":"https:\/\/dk5ras.dyndns.org\/www\/ham-tetra\/wp-json\/wp\/v2\/pages\/107\/revisions\/182"}],"wp:attachment":[{"href":"https:\/\/dk5ras.dyndns.org\/www\/ham-tetra\/wp-json\/wp\/v2\/media?parent=107"}],"curies":[{"name":"wp","href":"https:\/\/api.w.org\/{rel}","templated":true}]}}