{"id":503,"date":"2016-07-13T06:47:20","date_gmt":"2016-07-13T04:47:20","guid":{"rendered":"http:\/\/dk5ras.dyndns.org\/www\/db0fue\/?page_id=503"},"modified":"2024-04-06T18:40:04","modified_gmt":"2024-04-06T16:40:04","slug":"dmr","status":"publish","type":"page","link":"https:\/\/dk5ras.dyndns.org\/www\/db0fue\/dmr\/","title":{"rendered":"Digitaler Betrieb"},"content":{"rendered":"<p>Digital (DMR \/ P25) ist DB0FUE auf 70cm nutzbar:<\/p>\n<p>DMR 439.8500 -9.400 CC 1 \/ NAC 293<\/p>\n<p>Der digitale Teil von DB0FUE wird von einem MMDVM-Repeater bereitgestellt. Das Ganze ist \u00fcber das Koppelnetzwerk mit der altbekannten Relaisantenne verbunden, die auch die analogen Kan\u00e4le bedient.<\/p>\n<p>Angebunden ist der Repeater \u00fcber einen 5GHz-HamNet-Link an das Brandmeister-Netz. Dies bedeutet, die bekannten TGs sind geschaltet, auch k\u00f6nnen alle TGs dynamisch je nach Bedarf durch den Nutzer aktiviert werden. Somitt ist alles wie bekannt, die Bedienung ist ohne regionale Extraw\u00fcrste realisiert.<\/p>\n<p>Um die Region \u00fcbergreifend per DMR zu bedienen ist ein Verbund fr\u00e4nkischer Repeater \u00fcber TS2\/TG8 verbunden. Diese Regionalkoppelung (sog. Cluster) ist sehr praktisch und hat den Vorteil, fest geschaltet zu sein.<\/p>\n<p>Ist man unterwegs in der Welt und in Reichweite irgendeines BrandMeister-DMR-Relais, oder nutzt man einen hotspot, so gibt es dadurch die M\u00f6glichkeit, sich nach F\u00fcrth zu verbinden.<\/p>\n<p>Man spricht per BM-DMR einfach von ausw\u00e4rts in die sog. Mirror-TG 26284 ein, dann wird man umgeleitet in TS2\/TG8 und kann ebenfalls so die Heimat erreichen. Bitte beachten, diese 26284 kann nicht auf den damit verbundenen Relais verwendet werden, sie ist ausschlie\u00dflich (!) f\u00fcr das Einsprechen &#8222;aus der Ferne&#8220; nutzbar. H\u00e4lt man sich nicht daran, wird man nicht von allen Teilnehmern geh\u00f6rt und sorgt so mindestens f\u00fcr mittlere Verwirrung :) Auf den verbundenen Relais zu dem Zwecke also immer die TG8 nutzen!<\/p>\n<p>F\u00fcr Betrieb in P25\u00a0eine L\u00fccke im DMR-Betrieb abwarten, und einfach beherzt losfunken\u2026<\/p>\n\n\n<p><\/p>\n","protected":false},"excerpt":{"rendered":"<p>Digital (DMR \/ P25) ist DB0FUE auf 70cm nutzbar: DMR 439.8500 -9.400 CC 1 \/ NAC 293 Der digitale Teil von DB0FUE wird von einem MMDVM-Repeater bereitgestellt. Das Ganze ist \u00fcber das Koppelnetzwerk mit der altbekannten Relaisantenne verbunden, die auch die analogen Kan\u00e4le bedient. Angebunden ist der Repeater \u00fcber einen 5GHz-HamNet-Link an das Brandmeister-Netz. Dies [&hellip;]<\/p>\n","protected":false},"author":2,"featured_media":0,"parent":0,"menu_order":8,"comment_status":"closed","ping_status":"closed","template":"","meta":{"footnotes":""},"class_list":["post-503","page","type-page","status-publish","hentry"],"_links":{"self":[{"href":"https:\/\/dk5ras.dyndns.org\/www\/db0fue\/wp-json\/wp\/v2\/pages\/503","targetHints":{"allow":["GET"]}}],"collection":[{"href":"https:\/\/dk5ras.dyndns.org\/www\/db0fue\/wp-json\/wp\/v2\/pages"}],"about":[{"href":"https:\/\/dk5ras.dyndns.org\/www\/db0fue\/wp-json\/wp\/v2\/types\/page"}],"author":[{"embeddable":true,"href":"https:\/\/dk5ras.dyndns.org\/www\/db0fue\/wp-json\/wp\/v2\/users\/2"}],"replies":[{"embeddable":true,"href":"https:\/\/dk5ras.dyndns.org\/www\/db0fue\/wp-json\/wp\/v2\/comments?post=503"}],"version-history":[{"count":4,"href":"https:\/\/dk5ras.dyndns.org\/www\/db0fue\/wp-json\/wp\/v2\/pages\/503\/revisions"}],"predecessor-version":[{"id":655,"href":"https:\/\/dk5ras.dyndns.org\/www\/db0fue\/wp-json\/wp\/v2\/pages\/503\/revisions\/655"}],"wp:attachment":[{"href":"https:\/\/dk5ras.dyndns.org\/www\/db0fue\/wp-json\/wp\/v2\/media?parent=503"}],"curies":[{"name":"wp","href":"https:\/\/api.w.org\/{rel}","templated":true}]}}