{"id":238,"date":"2009-06-22T21:25:56","date_gmt":"2009-06-22T19:25:56","guid":{"rendered":"http:\/\/dk5ras.dyndns.org\/www\/db0fue\/?page_id=238"},"modified":"2016-08-03T13:52:55","modified_gmt":"2016-08-03T11:52:55","slug":"n-fm","status":"publish","type":"page","link":"https:\/\/dk5ras.dyndns.org\/www\/db0fue\/n-fm\/","title":{"rendered":"FM-Betrieb"},"content":{"rendered":"<p>Das Relais bedient f\u00fcr analogen Funkbetrieb zwei Frequenzpaare, jeweils im 2m- und im 70cm-Band:<\/p>\n<p>NFM 145.6375 -0.600<br \/>\nNFM 438.6250 -7.600<\/p>\n<p>Dabei sind die beiden NFM-Frequenzen fest verlinkt, es h\u00f6rt also jeder jeden, egal, auf welchem Band er einspricht, und auf welchem Band er h\u00f6rt.<\/p>\n<p>DB0FUE ist auf beiden Analog-Zug\u00e4ngen als NFM-Relais konzipiert, Schmalband-FM, 2.5 KHz Spitzenhub, und weniger als 12.5 kHz Maximalbandbreite!<\/p>\n<p>Ferner wird in beiden B\u00e4ndern ein CTCSS-Ton von 88.5 Hz abgestrahlt, damit man sich lokale St\u00f6rungen auf der Ausgabe fernhalten kann, die andernfalls die Rauschsperre \u00f6ffnen w\u00fcrden. <\/p>\n<p>Mehr Details dazu hier:<\/p>\n<p><a href=\"https:\/\/dk5ras.dyndns.org\/www\/db0fue\/?page_id=515\">https:\/\/dk5ras.dyndns.org\/www\/db0fue\/?page_id=515<\/a><\/p>\n","protected":false},"excerpt":{"rendered":"<p>Das Relais bedient f\u00fcr analogen Funkbetrieb zwei Frequenzpaare, jeweils im 2m- und im 70cm-Band: NFM 145.6375 -0.600 NFM 438.6250 -7.600 Dabei sind die beiden NFM-Frequenzen fest verlinkt, es h\u00f6rt also jeder jeden, egal, auf welchem Band er einspricht, und auf welchem Band er h\u00f6rt. DB0FUE ist auf beiden Analog-Zug\u00e4ngen als NFM-Relais konzipiert, Schmalband-FM, 2.5 KHz [&hellip;]<\/p>\n","protected":false},"author":2,"featured_media":0,"parent":0,"menu_order":5,"comment_status":"open","ping_status":"open","template":"","meta":{"footnotes":""},"class_list":["post-238","page","type-page","status-publish","hentry"],"_links":{"self":[{"href":"https:\/\/dk5ras.dyndns.org\/www\/db0fue\/wp-json\/wp\/v2\/pages\/238","targetHints":{"allow":["GET"]}}],"collection":[{"href":"https:\/\/dk5ras.dyndns.org\/www\/db0fue\/wp-json\/wp\/v2\/pages"}],"about":[{"href":"https:\/\/dk5ras.dyndns.org\/www\/db0fue\/wp-json\/wp\/v2\/types\/page"}],"author":[{"embeddable":true,"href":"https:\/\/dk5ras.dyndns.org\/www\/db0fue\/wp-json\/wp\/v2\/users\/2"}],"replies":[{"embeddable":true,"href":"https:\/\/dk5ras.dyndns.org\/www\/db0fue\/wp-json\/wp\/v2\/comments?post=238"}],"version-history":[{"count":0,"href":"https:\/\/dk5ras.dyndns.org\/www\/db0fue\/wp-json\/wp\/v2\/pages\/238\/revisions"}],"wp:attachment":[{"href":"https:\/\/dk5ras.dyndns.org\/www\/db0fue\/wp-json\/wp\/v2\/media?parent=238"}],"curies":[{"name":"wp","href":"https:\/\/api.w.org\/{rel}","templated":true}]}}