{"id":129,"date":"2008-11-07T18:48:21","date_gmt":"2008-11-07T16:48:21","guid":{"rendered":"http:\/\/dk5ras.dyndns.org\/www\/db0fue\/?page_id=129"},"modified":"2017-03-15T10:03:27","modified_gmt":"2017-03-15T08:03:27","slug":"support","status":"publish","type":"page","link":"https:\/\/dk5ras.dyndns.org\/www\/db0fue\/support\/","title":{"rendered":"Support"},"content":{"rendered":"<p>Sollte jemand der Meinung sein, ihm gef\u00e4llt DB0FUE so gut, da\u00df er das Projekt unterst\u00fctzen mag, sei es durch positiven Zuspruch, durch materielle oder finanzielle Zuwendungen oder einfach durch seine Tatkraft, dann m\u00f6ge derjenige sich einfach bei mir melden!<\/p>\n<p>An Kosten sind mir bisher ca. 1720 EUR entstanden. Zun\u00e4chst einmal die Geb\u00fchren f\u00fcr die Genehmigung, 150 EUR. Die Funkger\u00e4te haben mich vor einigen Jahren bei Ebay ca. 100 EUR gekostet (gut, z\u00e4hlt nicht wirklich, mit denen habe ich jahrelang gefunkt, die haben ihr Geld verdient und sind an sich eh abgeschrieben gewesen :-), f\u00fcr Kabel, Antenne und Stecker sind ca. 150 EUR angefallen, und Peter hat ca. 100 EUR f\u00fcr Montagematerial (Mastschellen, Kabelrohr, Befestigungsschellen, Haltesteine, anderen Kleinkram) ausgelegt. Dazu kommen noch ca. 75 EUR f\u00fcr die Steuerung, und 77 EUR f\u00fcr den Verteiler-Vorverst\u00e4rker. Dann w\u00e4ren da noch 68 EUR f\u00fcr einen Triplexer 2m\/70cm\/23cm, den ich schon einmal prophylaktisch eingef\u00fcgt habe, um f\u00fcr Experimente mit allen B\u00e4ndern gewappnet zu sein, die die Antenne abdeckt. Als dicker Brocken f\u00e4llt der 2m-Duplexer mit ca. 1000 EUR ziemlich stark in&#8217;s Gewicht.<\/p>\n<p>Mein Dank gilt folgenden Spendern, die bereits einen Beitrag geleistet haben:<\/p>\n<table border=\"1\">\n<tbody>\n<tr>\n<td>db2nr<\/td>\n<td>Lambert<\/td>\n<td>35<\/td>\n<\/tr>\n<tr>\n<td>db6nm<\/td>\n<td>Klaus<\/td>\n<td>30<\/td>\n<\/tr>\n<tr>\n<td>dc4yg<\/td>\n<td>Kai<\/td>\n<td>20<\/td>\n<\/tr>\n<tr>\n<td>db1nto<\/td>\n<td>Taner<\/td>\n<td>10<\/td>\n<\/tr>\n<tr>\n<td>db8nr<\/td>\n<td>Thomas<\/td>\n<td>10<\/td>\n<\/tr>\n<tr>\n<td>df3nm<\/td>\n<td>Manfred<\/td>\n<td>10<\/td>\n<\/tr>\n<tr>\n<td>DARC<\/td>\n<td>OV B01 2008<\/td>\n<td>200<\/td>\n<\/tr>\n<tr>\n<td>DARC<\/td>\n<td>OV B01 2009<\/td>\n<td>200<\/td>\n<\/tr>\n<tr>\n<td>DARC<\/td>\n<td>OV B01 2010<\/td>\n<td>150<\/td>\n<\/tr>\n<tr>\n<td>DARC<\/td>\n<td>OV B01 2010<\/td>\n<td>100<\/td>\n<\/tr>\n<tr>\n<td>DARC<\/td>\n<td>OV B01 2011<\/td>\n<td>100<\/td>\n<\/tr>\n<tr>\n<td>db2nr<\/td>\n<td>Lambert<\/td>\n<td>35<\/td>\n<\/tr>\n<tr>\n<td>do9tnt<\/td>\n<td>Thomas<\/td>\n<td>50<\/td>\n<\/tr>\n<tr>\n<td>dg4naa<\/td>\n<td>Richard<\/td>\n<td>80<\/td>\n<\/tr>\n<tr>\n<td>dg4naa<\/td>\n<td>Richard<\/td>\n<td>100<\/td>\n<\/tr>\n<\/tbody>\n<\/table>\n<p><P><\/P><\/p>\n<p><strong>An dieser Stelle m\u00f6chte ich versuchen, alle zu erw\u00e4hnen, die zum Gelingen des Projektes beigetragen haben. Habe ich jemanden vergessen? Dann bitte unbedingt melden!<\/strong><\/p>\n<p>Zuerst m\u00f6chte ich Taner (db1nto) nennen, der die Idee hatte, mir quasi den entscheidenden Schubs verpa\u00dft hat, und dann auch gleich noch den Mast (gespendet von Georg Fuss, Service und Montage, Edelstahl- &amp; Aluminiumverarbeitung, Tel. +49-151-58828602) vermitteln konnte. Umso bedauerlicher, da\u00df bei ihm zuhause der Empfang nicht so gut ist wie erhofft :-(<\/p>\n<p>Dann geht mein Dank an Lambert (db2nr), der die Idee nach Kr\u00e4ften gef\u00f6rdert und mich best\u00e4rkt hat, alles durchzuziehen. Dazu hat er noch den geeichten Stromz\u00e4hler sowie 35 EUR gespendet.<\/p>\n<p>Ganz wichtig war die Unterst\u00fctzung durch den <a href=\"http:\/\/www.ov-fuerth.de\/\" target=\"_blank\">OV F\u00fcrth<\/a>; besonders m\u00f6chte ich da neben OVV Lambert (db2nr) auch Kai (dc4yg) erw\u00e4hnen, der bei der Ebnung des Weges zur Standortfrage viel getan hat. Weiterhin hat mich <a href=\"http:\/\/www.dl3nbw.de\/\" target=\"_blank\">Michael (dl3nbw)<\/a>, best\u00e4rkt, das fortzuf\u00fchren, und mich auch sehr aktiv bei der Suche nach m\u00f6glichen Standorten unterst\u00fctzt. Dazu kamen nun f\u00fcr 2008 und 2009 Beitr\u00e4ge von jeweils 200 EUR seitens des OV B01 zu Errichtung und Unterhalt des Relais.<\/p>\n<p>Was w\u00e4re ein Relais ohne Standort? Doch die <a href=\"http:\/\/www.wbg-fuerth.de\/\" target=\"_blank\">WBG F\u00fcrth<\/a> konnte uns schnell und unkompliziert die Nutzung eines Hochhauses anbieten; wohl der h\u00f6chste Punkt des Stadtgebietes, und damit optimal f\u00fcr unseren Zweck!<\/p>\n<p>Die Vermittlung mit der wbg hat dankenswerterweise der <a href=\"http:\/\/www.fuerth.de\/\" target=\"_blank\">F\u00fcrth<\/a>er B\u00fcrgermeister Herr Tr\u00e4ger eingeleitet.<\/p>\n<p><a href=\"http:\/\/www.neuner.de\/\" target=\"_blank\">Markus (dl9dmn) Neuner<\/a> hat mir zu einem sehr g\u00fcnstigen Preis die Antenne, das Kabel (Ecoflex 10) und die N-Stecker verkauft und damit seinen Teil zum Gelingen des Projekts beigetragen. Au\u00dferdem hat er die Kosten in H\u00f6he von 80 EUR f\u00fcr die Steuerung \u00fcbernommen.<\/p>\n<p>Helmut (dk8nc) hat mir freundlicherweise seinen s\u00fcndhaft teuren network analyzer von HP geliehen, mit dem es ein Kinderspiel war, die Frequenzweiche optimal abzugleichen.<\/p>\n<p>Durch Peters (dg6nx) Tatkraft und Erfahrung in Montagearbeiten war innerhalb eines Tages die Antenne aufgestellt und das Kabel eingezogen &#8211; er hat dies ganz alleine (und dabei sehr professionell) durchgezogen! Hoffentlich verzeiht mir seine Familie, da\u00df ich ihn so in Beschlag genommen habe :-) Au\u00dferdem hat Peter den Schrank vermittelt, der von <a href=\"http:\/\/www.gsr-online.de\/\" target=\"_blank\">gsr<\/a> stammt.<\/p>\n<p>Und zu guter Letzt, die Geduld meiner Frau Manuela (dk6la) hat es \u00fcberhaupt erst erlaubt, die Sache anzugehen; es ist nicht jederfraus Sache, da\u00df im E\u00dfzimmer ein halb aufgebautes Relais &#8218;rumliegt, andauernd daran herumgebastelt wird, das Teil seltsame Ger\u00e4usche absondert und durch diverse Strippen Stolpergefahr erzeugt :-) Daf\u00fcr stand ihr das erste QSO \u00fcber das neue Relais zu, am 23.02.2008 um 11.54 Uhr MEZ.<\/p>\n","protected":false},"excerpt":{"rendered":"<p>Sollte jemand der Meinung sein, ihm gef\u00e4llt DB0FUE so gut, da\u00df er das Projekt unterst\u00fctzen mag, sei es durch positiven Zuspruch, durch materielle oder finanzielle Zuwendungen oder einfach durch seine Tatkraft, dann m\u00f6ge derjenige sich einfach bei mir melden! An Kosten sind mir bisher ca. 1720 EUR entstanden. Zun\u00e4chst einmal die Geb\u00fchren f\u00fcr die Genehmigung, [&hellip;]<\/p>\n","protected":false},"author":2,"featured_media":0,"parent":0,"menu_order":60,"comment_status":"closed","ping_status":"open","template":"","meta":{"footnotes":""},"class_list":["post-129","page","type-page","status-publish","hentry"],"_links":{"self":[{"href":"https:\/\/dk5ras.dyndns.org\/www\/db0fue\/wp-json\/wp\/v2\/pages\/129","targetHints":{"allow":["GET"]}}],"collection":[{"href":"https:\/\/dk5ras.dyndns.org\/www\/db0fue\/wp-json\/wp\/v2\/pages"}],"about":[{"href":"https:\/\/dk5ras.dyndns.org\/www\/db0fue\/wp-json\/wp\/v2\/types\/page"}],"author":[{"embeddable":true,"href":"https:\/\/dk5ras.dyndns.org\/www\/db0fue\/wp-json\/wp\/v2\/users\/2"}],"replies":[{"embeddable":true,"href":"https:\/\/dk5ras.dyndns.org\/www\/db0fue\/wp-json\/wp\/v2\/comments?post=129"}],"version-history":[{"count":0,"href":"https:\/\/dk5ras.dyndns.org\/www\/db0fue\/wp-json\/wp\/v2\/pages\/129\/revisions"}],"wp:attachment":[{"href":"https:\/\/dk5ras.dyndns.org\/www\/db0fue\/wp-json\/wp\/v2\/media?parent=129"}],"curies":[{"name":"wp","href":"https:\/\/api.w.org\/{rel}","templated":true}]}}