{"id":7057,"date":"2016-07-16T08:29:40","date_gmt":"2016-07-16T06:29:40","guid":{"rendered":"http:\/\/dk5ras.dyndns.org\/www\/bc\/?page_id=7057"},"modified":"2022-06-29T12:43:57","modified_gmt":"2022-06-29T10:43:57","slug":"aprs","status":"publish","type":"page","link":"https:\/\/dk5ras.dyndns.org\/www\/bc\/aprs\/","title":{"rendered":"Standort"},"content":{"rendered":"\n<p>Manchmal mag der geneigte Leser vielleicht in Echtzeit sehen, wo wir uns gerade herumtreiben. Manchmal ist dies m\u00f6glich, mit einem kleinen GPS-Tracker logge ich je nach Lust und Laune manchmal unsere Bewegungen mit. In dem Falle kann dies hier verfolgt werden:<br><br><a href=\"https:\/\/share.garmin.com\/dk5ras\" target=\"_blank\" rel=\"noreferrer noopener\">https:\/\/share.garmin.com\/dk5ras<\/a><br><\/p>\n\n\n\n<p>Auch k\u00f6nnen mir dort kostenlos Nachrichten gesandt werden, \u00fcber die Funktion &#8222;Message&#8220;. Die Angabe des Absenders ist nur desweggen n\u00f6tig, damit ich auch antworten kann. Alles per Satellit, unabh\u00e4ngig von \u00f6rtlichem Mobilfunkempfang und derlei. Nat\u00fcrlich werden die Nachrichten nicht unbedingt in Echtzeit zugestellt, also bitte nicht f\u00fcr wichtige Kommunikation verwenden.<br><\/p>\n","protected":false},"excerpt":{"rendered":"<p>Manchmal mag der geneigte Leser vielleicht in Echtzeit sehen, wo wir uns gerade herumtreiben. Manchmal ist dies m\u00f6glich, mit einem kleinen GPS-Tracker logge ich je nach Lust und Laune manchmal unsere Bewegungen mit. In dem Falle kann dies hier verfolgt werden: https:\/\/share.garmin.com\/dk5ras Auch k\u00f6nnen mir dort kostenlos Nachrichten gesandt werden, \u00fcber die Funktion &#8222;Message&#8220;. Die [&hellip;]<\/p>\n","protected":false},"author":4,"featured_media":0,"parent":0,"menu_order":2,"comment_status":"closed","ping_status":"closed","template":"","meta":{"footnotes":""},"class_list":["post-7057","page","type-page","status-publish","hentry"],"_links":{"self":[{"href":"https:\/\/dk5ras.dyndns.org\/www\/bc\/wp-json\/wp\/v2\/pages\/7057","targetHints":{"allow":["GET"]}}],"collection":[{"href":"https:\/\/dk5ras.dyndns.org\/www\/bc\/wp-json\/wp\/v2\/pages"}],"about":[{"href":"https:\/\/dk5ras.dyndns.org\/www\/bc\/wp-json\/wp\/v2\/types\/page"}],"author":[{"embeddable":true,"href":"https:\/\/dk5ras.dyndns.org\/www\/bc\/wp-json\/wp\/v2\/users\/4"}],"replies":[{"embeddable":true,"href":"https:\/\/dk5ras.dyndns.org\/www\/bc\/wp-json\/wp\/v2\/comments?post=7057"}],"version-history":[{"count":0,"href":"https:\/\/dk5ras.dyndns.org\/www\/bc\/wp-json\/wp\/v2\/pages\/7057\/revisions"}],"wp:attachment":[{"href":"https:\/\/dk5ras.dyndns.org\/www\/bc\/wp-json\/wp\/v2\/media?parent=7057"}],"curies":[{"name":"wp","href":"https:\/\/api.w.org\/{rel}","templated":true}]}}