{"id":1015,"date":"2009-09-01T10:38:26","date_gmt":"2009-09-01T09:38:26","guid":{"rendered":"http:\/\/dk5ras.dyndns.org\/www\/bc\/?page_id=1015"},"modified":"2010-02-15T20:15:11","modified_gmt":"2010-02-15T19:15:11","slug":"glossar","status":"publish","type":"page","link":"https:\/\/dk5ras.dyndns.org\/www\/bc\/glossar\/","title":{"rendered":"Glossar"},"content":{"rendered":"<p>Nun wird hier immer mal wieder mit komischen Abk\u00fcrzungen umhergeworfen, mit denen der weniger Bahn-affine Mensch evtl. nix anfangen kann :-) Also werde ich versuchen, in loser Folge deren Bedeutung hier zu erkl\u00e4ren.<\/p>\n<p><strong>+5:<\/strong> f\u00fcnf Minuten Versp\u00e4tung<\/p>\n<p><strong>-3:<\/strong> drei Minuten zu fr\u00fch<\/p>\n<p><strong>Bimz<\/strong>: Ein Typ von Personenwagen, der in Deutschland in den Interregio-Z\u00fcgen der 80er\/90er-Jahre \u00fcblich war, keine Klimaanlage, Fenster gehen zu \u00f6ffnen, recht weitl\u00e4ufige und ungew\u00f6hnlich angeordnete Bestuhlung.<\/p>\n<p><strong>Kin:<\/strong> Kundenbetreuer Im Nahverkehr<\/p>\n<p><strong>RIS:<\/strong> <a href=\"http:\/\/reiseauskunft.bahn.de\/bin\/bhftafel.exe\/dn?\" target=\"_blank\">ReisendenInformationsSystem<\/a> &#8211; die website, welche die Versp\u00e4tungen ank\u00fcndigt<\/p>\n<p><strong>TAV:<\/strong> Technikbasiertes Abfertigungsverfahren, das hei\u00dft, der Tf ist zugleich der Zf und \u00fcbernimmt die \u00dcberwachung des T\u00fcrenschlie\u00dfens und stellt sicher, da\u00df der Zug vom Bahnsteig abfahren kann, ohne Personen dort zu gef\u00e4hrden.<\/p>\n<p><strong>Tf:<\/strong> Triebfahrzeugf\u00fchrer, also der Mann in der Lok bzw. auf dem F\u00fchrerstand<\/p>\n<p><strong>Zf:<\/strong> Zugf\u00fchrer, entweder in Personalunion mit dem Tf oder mit einem Zub.<\/p>\n<p><strong>Zp:<\/strong> Zugpersonalsignale, z.B. das &#8222;Schaffnerpfeifen&#8220; oder die hochgehaltene Kelle zur Abfahrt.<\/p>\n<p><strong>Zub:<\/strong> Zugbegleiter<\/p>\n","protected":false},"excerpt":{"rendered":"<p>Nun wird hier immer mal wieder mit komischen Abk\u00fcrzungen umhergeworfen, mit denen der weniger Bahn-affine Mensch evtl. nix anfangen kann :-) Also werde ich versuchen, in loser Folge deren Bedeutung hier zu erkl\u00e4ren. +5: f\u00fcnf Minuten Versp\u00e4tung -3: drei Minuten zu fr\u00fch Bimz: Ein Typ von Personenwagen, der in Deutschland in den Interregio-Z\u00fcgen der 80er\/90er-Jahre [&hellip;]<\/p>\n","protected":false},"author":4,"featured_media":0,"parent":0,"menu_order":0,"comment_status":"open","ping_status":"open","template":"","meta":{"footnotes":""},"class_list":["post-1015","page","type-page","status-publish","hentry"],"_links":{"self":[{"href":"https:\/\/dk5ras.dyndns.org\/www\/bc\/wp-json\/wp\/v2\/pages\/1015","targetHints":{"allow":["GET"]}}],"collection":[{"href":"https:\/\/dk5ras.dyndns.org\/www\/bc\/wp-json\/wp\/v2\/pages"}],"about":[{"href":"https:\/\/dk5ras.dyndns.org\/www\/bc\/wp-json\/wp\/v2\/types\/page"}],"author":[{"embeddable":true,"href":"https:\/\/dk5ras.dyndns.org\/www\/bc\/wp-json\/wp\/v2\/users\/4"}],"replies":[{"embeddable":true,"href":"https:\/\/dk5ras.dyndns.org\/www\/bc\/wp-json\/wp\/v2\/comments?post=1015"}],"version-history":[{"count":0,"href":"https:\/\/dk5ras.dyndns.org\/www\/bc\/wp-json\/wp\/v2\/pages\/1015\/revisions"}],"wp:attachment":[{"href":"https:\/\/dk5ras.dyndns.org\/www\/bc\/wp-json\/wp\/v2\/media?parent=1015"}],"curies":[{"name":"wp","href":"https:\/\/api.w.org\/{rel}","templated":true}]}}