{"id":49,"date":"2010-02-21T16:27:33","date_gmt":"2010-02-21T15:27:33","guid":{"rendered":"http:\/\/dk5ras.dyndns.org\/www\/Stadt-Venedig\/?page_id=49"},"modified":"2013-11-06T11:10:34","modified_gmt":"2013-11-06T10:10:34","slug":"wo","status":"publish","type":"page","link":"https:\/\/dk5ras.dyndns.org\/www\/Kabuliyan\/wo\/","title":{"rendered":"Wo?"},"content":{"rendered":"<p>Wir befinden uns in der Baldstr. 2 in F\u00fcrth, direkt in einem Eckhaus am s\u00fcd\u00f6stlichen Ende (also zur Henri-Dunant-Str. hin) der Gustavstra\u00dfe.<\/p>\n<p>Hier kann man ganz gut erkennen, wo wir &#8222;versteckt&#8220; sind (die Karte kann verschoben, verkleinert und vergr\u00f6\u00dfert werden):<\/p>\n<p><iframe loading=\"lazy\" width=\"425\" height=\"350\" frameborder=\"0\" scrolling=\"no\" marginheight=\"0\" marginwidth=\"0\" src=\"https:\/\/maps.google.com\/maps?f=q&amp;source=s_q&amp;hl=en&amp;geocode=&amp;q=Baldstr.+2,+F%C3%BCrth&amp;aq=&amp;sll=37.0625,-95.677068&amp;sspn=40.324283,79.013672&amp;t=h&amp;ie=UTF8&amp;hq=&amp;hnear=Baldstra%C3%9Fe+2,+90762+F%C3%BCrth,+Germany&amp;z=14&amp;ll=49.478541,10.990175&amp;output=embed\"><\/iframe><br \/><small><a href=\"https:\/\/maps.google.com\/maps?f=q&amp;source=embed&amp;hl=en&amp;geocode=&amp;q=Baldstr.+2,+F%C3%BCrth&amp;aq=&amp;sll=37.0625,-95.677068&amp;sspn=40.324283,79.013672&amp;t=h&amp;ie=UTF8&amp;hq=&amp;hnear=Baldstra%C3%9Fe+2,+90762+F%C3%BCrth,+Germany&amp;z=14&amp;ll=49.478541,10.990175\" style=\"color:#0000FF;text-align:left\">Hier klicken f\u00fcr eine gr\u00f6\u00dfere Ansicht!<\/a><\/small><\/p>\n<p>Die stre\u00dffreiste M\u00f6glichkeit, zu uns zu kommen, ist sicher zu Fu\u00df oder mit den \u00f6ffentlichen Verkehrsmitteln. Die Haltestelle &#8222;Rathaus&#8220; der U-Bahn-Linie U1 sowie zahlreicher Buslinien ist nur einen Katzensprung von unserem Lokal entfernt.<\/p>\n<p>Parkpl\u00e4tze in der Innenstadt von F\u00fcrth sind so eine Sache; das Gewirr der Einbahnstra\u00dfen ist wohl nur etwas f\u00fcr den gestandenen F\u00fcrther, und Parkpl\u00e4tze am Stra\u00dfenrand sind da ohnehin Gl\u00fcckssache. Allerdings besteht eine Chance auf einen zu unseren \u00d6ffnungszeiten kostenlosen Parkplatz im Parkhaus &#8222;Sozialrathaus&#8220; am K\u00f6nigsplatz! Von dort ist es fast nur noch &#8222;\u00fcber die Stra\u00dfe&#8220; zu unserem Lokal.<\/p>\n","protected":false},"excerpt":{"rendered":"<p>Wir befinden uns in der Baldstr. 2 in F\u00fcrth, direkt in einem Eckhaus am s\u00fcd\u00f6stlichen Ende (also zur Henri-Dunant-Str. hin) der Gustavstra\u00dfe. Hier kann man ganz gut erkennen, wo wir &#8222;versteckt&#8220; sind (die Karte kann verschoben, verkleinert und vergr\u00f6\u00dfert werden): Hier klicken f\u00fcr eine gr\u00f6\u00dfere Ansicht! Die stre\u00dffreiste M\u00f6glichkeit, zu uns zu kommen, ist sicher [&hellip;]<\/p>\n","protected":false},"author":1,"featured_media":0,"parent":0,"menu_order":40,"comment_status":"open","ping_status":"open","template":"","meta":{"footnotes":""},"class_list":["post-49","page","type-page","status-publish","hentry"],"_links":{"self":[{"href":"https:\/\/dk5ras.dyndns.org\/www\/Kabuliyan\/wp-json\/wp\/v2\/pages\/49","targetHints":{"allow":["GET"]}}],"collection":[{"href":"https:\/\/dk5ras.dyndns.org\/www\/Kabuliyan\/wp-json\/wp\/v2\/pages"}],"about":[{"href":"https:\/\/dk5ras.dyndns.org\/www\/Kabuliyan\/wp-json\/wp\/v2\/types\/page"}],"author":[{"embeddable":true,"href":"https:\/\/dk5ras.dyndns.org\/www\/Kabuliyan\/wp-json\/wp\/v2\/users\/1"}],"replies":[{"embeddable":true,"href":"https:\/\/dk5ras.dyndns.org\/www\/Kabuliyan\/wp-json\/wp\/v2\/comments?post=49"}],"version-history":[{"count":0,"href":"https:\/\/dk5ras.dyndns.org\/www\/Kabuliyan\/wp-json\/wp\/v2\/pages\/49\/revisions"}],"wp:attachment":[{"href":"https:\/\/dk5ras.dyndns.org\/www\/Kabuliyan\/wp-json\/wp\/v2\/media?parent=49"}],"curies":[{"name":"wp","href":"https:\/\/api.w.org\/{rel}","templated":true}]}}