{"id":48,"date":"2010-02-21T16:27:14","date_gmt":"2010-02-21T15:27:14","guid":{"rendered":"http:\/\/dk5ras.dyndns.org\/www\/Stadt-Venedig\/?page_id=48"},"modified":"2025-04-07T10:22:40","modified_gmt":"2025-04-07T09:22:40","slug":"was","status":"publish","type":"page","link":"https:\/\/dk5ras.dyndns.org\/www\/Kabuliyan\/was\/","title":{"rendered":"Was?"},"content":{"rendered":"\n<p>In unserem reichhaltigen Angebot an afghanischen, italienischen und regionalen Gerichten sollte f\u00fcr nahezu jeden Geschmack etwas zu finden sein, und auch bei den Getr\u00e4nken setzen wir m\u00f6glichst auf Produkte der Region. Sollte bei manchen Gerichten Erkl\u00e4rungsbedarf entstehen &#8211; fragen Sie! \u00c4nderungsw\u00fcnsche versuchen wir nach M\u00f6glichkeit zu erf\u00fcllen, sprechen Sie uns einfach an.<\/p>\n\n\n\n<p>Die folgenden Links f\u00fchren zu unserer Speise- und Getr\u00e4nkekarte. Diese sind verf\u00fcbar im pdf-Format, man ben\u00f6tigt also ein pdf-Anzeigeprogramm wie zum Beispiel den <a href=\"http:\/\/get.adobe.com\/de\/reader\/\" target=\"_blank\" rel=\"noopener noreferrer\">Adobe Reader<\/a>, um die Karten ansehen oder ausdrucken zu k\u00f6nnen.<\/p>\n\n\n\n<p><a href=\"https:\/\/dk5ras.dyndns.org\/www\/Kabuliyan\/wp-content\/uploads\/Karte.pdf\" target=\"_blank\" rel=\"noreferrer noopener\">Speisekarte Kabuliyan als pdf-Datei<\/a><\/p>\n\n\n\n<p>Dazu unsere Pizza-Karte, nur Dienstags und Mittwochs:<\/p>\n\n\n\n<p><a href=\"http:\/\/dk5ras.dyndns.org\/www\/Kabuliyan\/wp-content\/uploads\/Pizza-Tag.pdf\" target=\"_blank\" rel=\"noreferrer noopener\">Pizza-Tag<\/a><\/p>\n\n\n\n<p>Nun kann sich manch einer unter der <strong>Afghanischen K\u00fcche<\/strong> wenig vorstellen. Daher \u00fcbernehmen das mit dem Vorstellen gerne wir und wollen an dieser Stelle einige unserer Gerichte vorstellen :-)<\/p>\n\n\n\n<p>Wie w\u00e4re es denn mit <strong>Bolani<\/strong>? Das ist ein knuspriger, d\u00fcnner Teig mit einer fein abgestimmten Gem\u00fcsef\u00fcllung, dazu unsere leckeren Saucen &#8211; ein Genu\u00df!<\/p>\n\n\n\n<figure class=\"wp-block-image\"><a href=\"https:\/\/dk5ras.dyndns.org\/www\/Kabuliyan\/file\/Bolani_.jpg\"><img loading=\"lazy\" decoding=\"async\" width=\"3648\" height=\"2736\" src=\"https:\/\/dk5ras.dyndns.org\/www\/Kabuliyan\/file\/Bolani_.jpg\" alt=\"Bolani_\" class=\"wp-image-216\"\/><\/a><\/figure>\n\n\n\n<p><\/p>\n\n\n\n<p>Lieber ein wenig deftiger? Bitte sehr, <strong>Qabuli Palau<\/strong> w\u00e4re da eine gute Wahl! Ein Fleischgericht mit exotisch garniertem Reis als Beilage.<\/p>\n\n\n\n<figure class=\"wp-block-image\"><a href=\"https:\/\/dk5ras.dyndns.org\/www\/Kabuliyan\/file\/Qabuli_Palau_.jpg\"><img loading=\"lazy\" decoding=\"async\" width=\"3648\" height=\"2736\" src=\"https:\/\/dk5ras.dyndns.org\/www\/Kabuliyan\/file\/Qabuli_Palau_.jpg\" alt=\"Qabuli_Palau_\" class=\"wp-image-220\"\/><\/a><\/figure>\n\n\n\n<p><\/p>\n\n\n\n<p>Oder doch etwas dezenter? Dann k\u00f6nnen wir <strong>Sabsi Palau<\/strong> empfehlen, ein feines Spinatgericht mit unserem besonders gew\u00fcrzten Reis, und nat\u00fcrlich den famosen Saucen.<\/p>\n\n\n\n<figure class=\"wp-block-image\"><a href=\"https:\/\/dk5ras.dyndns.org\/www\/Kabuliyan\/file\/Sabsi_Palau_.jpg\"><img loading=\"lazy\" decoding=\"async\" width=\"3648\" height=\"2736\" src=\"https:\/\/dk5ras.dyndns.org\/www\/Kabuliyan\/file\/Sabsi_Palau_.jpg\" alt=\"Sabsi_Palau_\" class=\"wp-image-219\"\/><\/a><\/figure>\n\n\n\n<p><\/p>\n\n\n\n<p>Nein, das sind keine schw\u00e4bischen Maultaschen, <strong>Mantu<\/strong> ist ein Gericht aus Teigtaschen mit einer w\u00fcrzigen Hackfleischf\u00fcllung und, man ahnt es bereits, unseren Saucen. Zugegeben, eine gewisse \u00c4hnlichkeit besteht :-) Aber nur \u00e4u\u00dferlich!<\/p>\n\n\n\n<figure class=\"wp-block-image\"><a href=\"https:\/\/dk5ras.dyndns.org\/www\/Kabuliyan\/file\/Mantu_.jpg\"><img loading=\"lazy\" decoding=\"async\" width=\"3648\" height=\"2736\" src=\"https:\/\/dk5ras.dyndns.org\/www\/Kabuliyan\/file\/Mantu_.jpg\" alt=\"Mantu_\" class=\"wp-image-217\"\/><\/a><\/figure>\n\n\n\n<p><\/p>\n\n\n\n<p>Wirklich nichts gefunden? Na, &#8217;ne <strong>Pizza<\/strong> geht doch eigentlich immer?!<\/p>\n\n\n\n<figure class=\"wp-block-image\"><a href=\"https:\/\/dk5ras.dyndns.org\/www\/Kabuliyan\/file\/Pizza_.jpg\"><img loading=\"lazy\" decoding=\"async\" width=\"3648\" height=\"2736\" src=\"https:\/\/dk5ras.dyndns.org\/www\/Kabuliyan\/file\/Pizza_.jpg\" alt=\"Pizza_\" class=\"wp-image-218\"\/><\/a><\/figure>\n\n\n\n<p><\/p>\n","protected":false},"excerpt":{"rendered":"<p>In unserem reichhaltigen Angebot an afghanischen, italienischen und regionalen Gerichten sollte f\u00fcr nahezu jeden Geschmack etwas zu finden sein, und auch bei den Getr\u00e4nken setzen wir m\u00f6glichst auf Produkte der Region. Sollte bei manchen Gerichten Erkl\u00e4rungsbedarf entstehen &#8211; fragen Sie! \u00c4nderungsw\u00fcnsche versuchen wir nach M\u00f6glichkeit zu erf\u00fcllen, sprechen Sie uns einfach an. Die folgenden Links [&hellip;]<\/p>\n","protected":false},"author":1,"featured_media":0,"parent":0,"menu_order":30,"comment_status":"open","ping_status":"open","template":"","meta":{"footnotes":""},"class_list":["post-48","page","type-page","status-publish","hentry"],"_links":{"self":[{"href":"https:\/\/dk5ras.dyndns.org\/www\/Kabuliyan\/wp-json\/wp\/v2\/pages\/48","targetHints":{"allow":["GET"]}}],"collection":[{"href":"https:\/\/dk5ras.dyndns.org\/www\/Kabuliyan\/wp-json\/wp\/v2\/pages"}],"about":[{"href":"https:\/\/dk5ras.dyndns.org\/www\/Kabuliyan\/wp-json\/wp\/v2\/types\/page"}],"author":[{"embeddable":true,"href":"https:\/\/dk5ras.dyndns.org\/www\/Kabuliyan\/wp-json\/wp\/v2\/users\/1"}],"replies":[{"embeddable":true,"href":"https:\/\/dk5ras.dyndns.org\/www\/Kabuliyan\/wp-json\/wp\/v2\/comments?post=48"}],"version-history":[{"count":9,"href":"https:\/\/dk5ras.dyndns.org\/www\/Kabuliyan\/wp-json\/wp\/v2\/pages\/48\/revisions"}],"predecessor-version":[{"id":381,"href":"https:\/\/dk5ras.dyndns.org\/www\/Kabuliyan\/wp-json\/wp\/v2\/pages\/48\/revisions\/381"}],"wp:attachment":[{"href":"https:\/\/dk5ras.dyndns.org\/www\/Kabuliyan\/wp-json\/wp\/v2\/media?parent=48"}],"curies":[{"name":"wp","href":"https:\/\/api.w.org\/{rel}","templated":true}]}}