{"id":231,"date":"2013-12-22T16:30:32","date_gmt":"2013-12-22T15:30:32","guid":{"rendered":"http:\/\/dk5ras.dyndns.org\/www\/Kabuliyan\/?page_id=231"},"modified":"2018-02-24T11:41:36","modified_gmt":"2018-02-24T10:41:36","slug":"mehr","status":"publish","type":"page","link":"https:\/\/dk5ras.dyndns.org\/www\/Kabuliyan\/mehr\/","title":{"rendered":"Mehr!"},"content":{"rendered":"<p>Schon gesehen?<\/p>\n<p>Wir sind in der <a href=\"http:\/\/www.nordbayern.de\/essen-trinken\/die-ruckkehr-des-afghanen-1.3538502\" target=\"_blank\" rel=\"noopener\">Zeitung<\/a> :-)<\/p>\n<p>Als Service bieten wir einen <strong>kostenlosen Internetzugang f\u00fcr unsere G\u00e4ste<\/strong> an! Ohne Anmeldung, ohne Angabe irgendwelcher pers\u00f6nlicher Daten, einfach nur das WLAN &#8222;fuerth.freifunk&#8220; ausw\u00e4hlen und mit smartphone, tablet oder laptop lossurfen! Bitte dabei beachten, dies ist ein offener Internetzugang, und wie bei jedem \u00f6ffentlichen hotspot unbedingt auf Verschl\u00fcsselung privater Daten achten. Beim Surfen nur pers\u00f6nliche Daten eingeben, wenn die Adresse der Internetseite mit &#8222;https:\/\/&#8230;&#8220; im Browser angezeigt wird, und im Email-Programm SSL oder TLS aktivieren.<\/p>\n<p>Weitere Informationen zu Freifunk gibt es unter <a href=\"http:\/\/www.freifunk-franken.de\" target=\"_blank\" rel=\"noopener\">www.freifunk-franken.de<\/a>. F\u00fcr den Profi, den aktuellen Routerstatus (die Insiderinformationen, ob der Zugang derzeit funktioniert, wie stark er ausgelastet ist usw. usf.) gibt es <a href=\"https:\/\/monitoring.freifunk-franken.de\/routers\/5371\" target=\"_blank\" rel=\"noopener\">hier<\/a>.<\/p>\n<p>Und besucht uns doch auch bei <a href=\"http:\/\/www.facebook.com\/Kabuliyan.de\" target=\"_blank\" rel=\"noopener\">www.facebook.com\/Kabuliyan.de<\/a>! Teilt uns, kommentiert uns, tadelt und, lobt uns, erz\u00e4hlt von uns&#8230;<\/p>\n","protected":false},"excerpt":{"rendered":"<p>Schon gesehen? Wir sind in der Zeitung :-) Als Service bieten wir einen kostenlosen Internetzugang f\u00fcr unsere G\u00e4ste an! Ohne Anmeldung, ohne Angabe irgendwelcher pers\u00f6nlicher Daten, einfach nur das WLAN &#8222;fuerth.freifunk&#8220; ausw\u00e4hlen und mit smartphone, tablet oder laptop lossurfen! Bitte dabei beachten, dies ist ein offener Internetzugang, und wie bei jedem \u00f6ffentlichen hotspot unbedingt auf [&hellip;]<\/p>\n","protected":false},"author":1,"featured_media":0,"parent":0,"menu_order":100,"comment_status":"open","ping_status":"open","template":"","meta":{"footnotes":""},"class_list":["post-231","page","type-page","status-publish","hentry"],"_links":{"self":[{"href":"https:\/\/dk5ras.dyndns.org\/www\/Kabuliyan\/wp-json\/wp\/v2\/pages\/231","targetHints":{"allow":["GET"]}}],"collection":[{"href":"https:\/\/dk5ras.dyndns.org\/www\/Kabuliyan\/wp-json\/wp\/v2\/pages"}],"about":[{"href":"https:\/\/dk5ras.dyndns.org\/www\/Kabuliyan\/wp-json\/wp\/v2\/types\/page"}],"author":[{"embeddable":true,"href":"https:\/\/dk5ras.dyndns.org\/www\/Kabuliyan\/wp-json\/wp\/v2\/users\/1"}],"replies":[{"embeddable":true,"href":"https:\/\/dk5ras.dyndns.org\/www\/Kabuliyan\/wp-json\/wp\/v2\/comments?post=231"}],"version-history":[{"count":0,"href":"https:\/\/dk5ras.dyndns.org\/www\/Kabuliyan\/wp-json\/wp\/v2\/pages\/231\/revisions"}],"wp:attachment":[{"href":"https:\/\/dk5ras.dyndns.org\/www\/Kabuliyan\/wp-json\/wp\/v2\/media?parent=231"}],"curies":[{"name":"wp","href":"https:\/\/api.w.org\/{rel}","templated":true}]}}